{"id":2,"date":"2009-02-06T18:12:54","date_gmt":"2009-02-06T17:12:54","guid":{"rendered":"http:\/\/www.zeitraster.de\/blog\/?page_id=2"},"modified":"2011-02-11T14:15:04","modified_gmt":"2011-02-11T13:15:04","slug":"ueber-mich","status":"publish","type":"page","link":"https:\/\/www.zeitraster.de\/blog\/?page_id=2","title":{"rendered":"\u00dcber mich"},"content":{"rendered":"<p><a href=\"http:\/\/www.zeitraster.de\/blog\/?attachment_id=722\" rel=\"attachment wp-att-722\"><img loading=\"lazy\" src=\"http:\/\/www.zeitraster.de\/blog\/wp-content\/uploads\/2009\/02\/DSC8562.jpg\" alt=\"\" title=\"Uwe + Dana\" width=\"532\" height=\"800\" class=\"aligncenter size-full wp-image-722\" \/><\/a>Das Werk von Uwe Weber besitzt den Charakter von Dokumentationen und ist inspiriert von einem unverf\u00e4lschten Realismus.<\/p>\n<p>Seine Fotos sind sowohl Zeitzeugen, als auch Spiegelbild der Verh\u00e4ltnisse. Das, was er in seinem Sucher sieht, ist nie nur das reine Motiv, sondern gleichzeitig immer auch eine Hinterfragung der kontemplativen Bedeutung, <em>dem Sinn<\/em>.<\/p>\n<p>Uwe Weber fotografiert entgegen der Sehgewohnheiten. Dort, wo bei vielen die visuelle Wahrnehmung bereits \u201eweichzeichnet\u201c und die klaren Konturen, des Bildes als solches verschwimmt und das Bild somit droht, dem Auge des Betrachters zu entgleiten \u2013 dort beginnt sein Blick sich zu sch\u00e4rfen.<\/p>\n<p>In seiner aktuellen Ausstellung \u201eMensch Bruckhausen\u201c steht der Mensch und seine unmittelbare Umgebung, seine \u201eHeimat\u201c im Mittelpunkt. Uwe Weber hat nicht nur die Menschen und die eigent\u00fcmliche Patina und Sch\u00f6nheit eines f\u00fcr viele l\u00e4ngst abgeschrieben Stadtviertels portr\u00e4tiert: er bietet dem Betrachter eine intensive Auseinandersetzung mit sozialen Bezugspunkten an.<\/p>\n<p>Kultur, Identifikation, Ethnitzit\u00e4t, Geschichte. Uwe Weber stellt mit seinen Fotos Querverbindungen zwischen diesen gro\u00dfen Begriffen her &#8211; Querverbindungen, dessen Herz immer das Herz eines Menschens ist.<\/p>\n<p>Stiff Chainey, im Juli 2009<\/p>\n","protected":false},"excerpt":{"rendered":"<p>Das Werk von Uwe Weber besitzt den Charakter von Dokumentationen und ist inspiriert von einem unverf\u00e4lschten Realismus. Seine Fotos sind sowohl Zeitzeugen, als auch Spiegelbild der Verh\u00e4ltnisse. Das, was er in seinem Sucher sieht, ist nie nur das reine Motiv, sondern gleichzeitig immer auch eine Hinterfragung der kontemplativen Bedeutung, dem Sinn. Uwe Weber fotografiert entgegen [&hellip;]<\/p>\n","protected":false},"author":1,"featured_media":0,"parent":0,"menu_order":0,"comment_status":"open","ping_status":"open","template":"","meta":[],"_links":{"self":[{"href":"https:\/\/www.zeitraster.de\/blog\/index.php?rest_route=\/wp\/v2\/pages\/2"}],"collection":[{"href":"https:\/\/www.zeitraster.de\/blog\/index.php?rest_route=\/wp\/v2\/pages"}],"about":[{"href":"https:\/\/www.zeitraster.de\/blog\/index.php?rest_route=\/wp\/v2\/types\/page"}],"author":[{"embeddable":true,"href":"https:\/\/www.zeitraster.de\/blog\/index.php?rest_route=\/wp\/v2\/users\/1"}],"replies":[{"embeddable":true,"href":"https:\/\/www.zeitraster.de\/blog\/index.php?rest_route=%2Fwp%2Fv2%2Fcomments&post=2"}],"version-history":[{"count":8,"href":"https:\/\/www.zeitraster.de\/blog\/index.php?rest_route=\/wp\/v2\/pages\/2\/revisions"}],"predecessor-version":[{"id":724,"href":"https:\/\/www.zeitraster.de\/blog\/index.php?rest_route=\/wp\/v2\/pages\/2\/revisions\/724"}],"wp:attachment":[{"href":"https:\/\/www.zeitraster.de\/blog\/index.php?rest_route=%2Fwp%2Fv2%2Fmedia&parent=2"}],"curies":[{"name":"wp","href":"https:\/\/api.w.org\/{rel}","templated":true}]}}