{"id":165,"date":"2009-08-08T01:47:17","date_gmt":"2009-08-08T00:47:17","guid":{"rendered":"http:\/\/www.zeitraster.de\/blog\/?page_id=165"},"modified":"2009-08-21T10:03:38","modified_gmt":"2009-08-21T09:03:38","slug":"ausstellungen","status":"publish","type":"page","link":"https:\/\/www.zeitraster.de\/blog\/?page_id=165","title":{"rendered":"Ausstellungen"},"content":{"rendered":"<p><strong>Mensch Bruckhausen<\/strong><\/p>\n<p>Eine Fotoausstellung \u00fcber die Lebensk\u00fcnstler von Duisburg Bruckhausen<\/p>\n<p>Im Kulturbunker Bruckhausen<\/p>\n<p>Dieselstrasse 18<\/p>\n<p>47166 Duisburg<\/p>\n<p>\u00d6ffnungszeiten: Mi-Fr 11-17:00 Uhr \u00a0 \u00a0 \u00a0 So 15-18:00 Uhr<\/p>\n<div id=\"attachment_109\" style=\"width: 716px\" class=\"wp-caption aligncenter\"><img aria-describedby=\"caption-attachment-109\" loading=\"lazy\" class=\"size-full wp-image-109\" title=\"Ausstellungs Plakat Uwe Weber\" src=\"http:\/\/www.zeitraster.de\/blog\/wp-content\/uploads\/2009\/08\/Plakat_A1.jpg\" alt=\"Ausstellungs-Plakat \" width=\"706\" height=\"1000\" srcset=\"https:\/\/www.zeitraster.de\/blog\/wp-content\/uploads\/2009\/08\/Plakat_A1.jpg 706w, https:\/\/www.zeitraster.de\/blog\/wp-content\/uploads\/2009\/08\/Plakat_A1-400x566.jpg 400w\" sizes=\"(max-width: 706px) 100vw, 706px\" \/><p id=\"caption-attachment-109\" class=\"wp-caption-text\">Ausstellungs-Plakat <\/p><\/div>\n","protected":false},"excerpt":{"rendered":"<p>Mensch Bruckhausen Eine Fotoausstellung \u00fcber die Lebensk\u00fcnstler von Duisburg Bruckhausen Im Kulturbunker Bruckhausen Dieselstrasse 18 47166 Duisburg \u00d6ffnungszeiten: Mi-Fr 11-17:00 Uhr \u00a0 \u00a0 \u00a0 So 15-18:00 Uhr<\/p>\n","protected":false},"author":1,"featured_media":0,"parent":0,"menu_order":0,"comment_status":"open","ping_status":"open","template":"","meta":[],"_links":{"self":[{"href":"https:\/\/www.zeitraster.de\/blog\/index.php?rest_route=\/wp\/v2\/pages\/165"}],"collection":[{"href":"https:\/\/www.zeitraster.de\/blog\/index.php?rest_route=\/wp\/v2\/pages"}],"about":[{"href":"https:\/\/www.zeitraster.de\/blog\/index.php?rest_route=\/wp\/v2\/types\/page"}],"author":[{"embeddable":true,"href":"https:\/\/www.zeitraster.de\/blog\/index.php?rest_route=\/wp\/v2\/users\/1"}],"replies":[{"embeddable":true,"href":"https:\/\/www.zeitraster.de\/blog\/index.php?rest_route=%2Fwp%2Fv2%2Fcomments&post=165"}],"version-history":[{"count":4,"href":"https:\/\/www.zeitraster.de\/blog\/index.php?rest_route=\/wp\/v2\/pages\/165\/revisions"}],"predecessor-version":[{"id":171,"href":"https:\/\/www.zeitraster.de\/blog\/index.php?rest_route=\/wp\/v2\/pages\/165\/revisions\/171"}],"wp:attachment":[{"href":"https:\/\/www.zeitraster.de\/blog\/index.php?rest_route=%2Fwp%2Fv2%2Fmedia&parent=165"}],"curies":[{"name":"wp","href":"https:\/\/api.w.org\/{rel}","templated":true}]}}